{"id":69,"date":"2013-11-18T13:58:56","date_gmt":"2013-11-18T11:58:56","guid":{"rendered":"http:\/\/seltmann-naturfoto.de\/cms\/?page_id=69"},"modified":"2015-11-19T16:06:23","modified_gmt":"2015-11-19T14:06:23","slug":"produktgalerie","status":"publish","type":"page","link":"http:\/\/seltmann-naturfoto.de\/cms\/produktgalerie\/","title":{"rendered":"Produktgalerie"},"content":{"rendered":"<p>Die Liebe zur Natur und die Leidenschaft f\u00fcr die Fotografie m\u00f6chte ich gern an ein breites Publikum weiter geben und so entstand die Idee<\/p>\n<ul>\n<li><a title=\"GK Gru\u00dfkarten\" href=\"http:\/\/seltmann-naturfoto.de\/cms\/gk-grusskarten\/\">GK Gru\u00dfkarten,<\/a> <a href=\"http:\/\/seltmann-naturfoto.de\/cms\/gk-freiberg\/\">GK Freiberg<\/a>, <a href=\"http:\/\/seltmann-naturfoto.de\/cms\/gk-landschaften\/\">GK Landschaften<\/a> und <a href=\"http:\/\/seltmann-naturfoto.de\/cms\/ak-ansichtskarten\/\">AK Ansichtskarten<\/a> mit Informationen zum betreffenden Bildmaterial und<\/li>\n<li><a title=\"Poster\" href=\"http:\/\/seltmann-naturfoto.de\/cms\/?gallery=poster\">Poster<\/a> mit gro\u00dfformatigen Motiven<\/li>\n<\/ul>\n<p>zu gestalten und diese zum Verkauf anzubieten.<\/p>\n<p>In meinem\u00a0<a href=\"http:\/\/seltmann-naturfoto.de\/cms\/wp-content\/uploads\/2013\/11\/Seltmann-Naturfotografie_Flyer_12-2013_eM.pdf\" target=\"_blank\">Flyer<\/a> (Stand 12\/2013) finden Sie dazu noch weitere Informationen.<\/p>\n","protected":false},"excerpt":{"rendered":"<p>Die Liebe zur Natur und die Leidenschaft f\u00fcr die Fotografie m\u00f6chte ich gern an ein breites Publikum weiter geben und so entstand die Idee GK Gru\u00dfkarten, GK Freiberg, GK Landschaften und AK Ansichtskarten mit Informationen zum betreffenden Bildmaterial und Poster mit gro\u00dfformatigen Motiven zu gestalten und diese zum Verkauf anzubieten. In meinem\u00a0Flyer (Stand 12\/2013) finden [&hellip;]<\/p>\n","protected":false},"author":1,"featured_media":0,"parent":0,"menu_order":0,"comment_status":"closed","ping_status":"closed","template":"","meta":{"ngg_post_thumbnail":0,"footnotes":""},"_links":{"self":[{"href":"http:\/\/seltmann-naturfoto.de\/cms\/wp-json\/wp\/v2\/pages\/69"}],"collection":[{"href":"http:\/\/seltmann-naturfoto.de\/cms\/wp-json\/wp\/v2\/pages"}],"about":[{"href":"http:\/\/seltmann-naturfoto.de\/cms\/wp-json\/wp\/v2\/types\/page"}],"author":[{"embeddable":true,"href":"http:\/\/seltmann-naturfoto.de\/cms\/wp-json\/wp\/v2\/users\/1"}],"replies":[{"embeddable":true,"href":"http:\/\/seltmann-naturfoto.de\/cms\/wp-json\/wp\/v2\/comments?post=69"}],"version-history":[{"count":17,"href":"http:\/\/seltmann-naturfoto.de\/cms\/wp-json\/wp\/v2\/pages\/69\/revisions"}],"predecessor-version":[{"id":1428,"href":"http:\/\/seltmann-naturfoto.de\/cms\/wp-json\/wp\/v2\/pages\/69\/revisions\/1428"}],"wp:attachment":[{"href":"http:\/\/seltmann-naturfoto.de\/cms\/wp-json\/wp\/v2\/media?parent=69"}],"curies":[{"name":"wp","href":"https:\/\/api.w.org\/{rel}","templated":true}]}}