{"id":2,"date":"2013-11-13T14:41:22","date_gmt":"2013-11-13T14:41:22","guid":{"rendered":"http:\/\/seltmann-naturfoto.de\/cms\/?page_id=2"},"modified":"2018-12-04T15:15:15","modified_gmt":"2018-12-04T13:15:15","slug":"mein-profil","status":"publish","type":"page","link":"http:\/\/seltmann-naturfoto.de\/cms\/mein-profil\/","title":{"rendered":"Mein Profil"},"content":{"rendered":"<ul>\n<li><span style=\"color: #99cc00;\"><em><strong>Natur- \/ Wildfotografie<\/strong><\/em><\/span><\/li>\n<li><span style=\"color: #99cc00;\"><em><strong>Landschaften<\/strong><\/em><\/span><\/li>\n<li><span style=\"color: #99cc00;\"><em><strong>Sehensw\u00fcrdigkeiten. Bauten, Denkm\u00e4ler, Burgen und Schl\u00f6sser<\/strong><\/em><\/span><\/li>\n<\/ul>\n<p>&nbsp;<\/p>\n<ul>\n<li>geboren in Cottbus (Brandenburg),&nbsp;Jahrgang 1953<\/li>\n<li>Chemie-Studium an der TU Bergakademie Freiberg mit Abschluss als Diplomchemiker 1976 und Promotion zum Dr. rer. nat. am Lehrstuhl f\u00fcr Physikalische Chemie 1982<\/li>\n<li>lebt seit seinem Studienbeginn 1972 in Freiberg<\/li>\n<li>nach dem Studium folgten verschiedene Stationen in der Forschung und sp\u00e4ter im Umwelt-Consulting<\/li>\n<li>ab Mitte der 90iger Jahre, schloss sich eine 15 j\u00e4hrige Au\u00dfendienstt\u00e4tigkeit in der Pharmaindustrie an<\/li>\n<li>vor etwa sieben Jahren machte er die Naturfotografie zu seinem Hobby<\/li>\n<li>seit Ende 2012 ist er im vorgezogenen Ruhestand<\/li>\n<li>die neu gewonnene Freizeit nutzt er f\u00fcr sein neu aufgebautes kleines Fotobusiness im Nebenerwerb \u2013 auf diese Weise wurde das Hobby f\u00fcr ihn zum Beruf.<\/li>\n<\/ul>\n<p>&nbsp;<\/p>\n<p style=\"text-align: center;\">Dr. Udo Seltmann<br \/>\nNatur- &amp; Landschaftsfotografie<br \/>\nPaul-M\u00fcller-Str. 53<br \/>\n09599 Freiberg<\/p>\n<h2 style=\"text-align: center;\">Kontakt:<\/h2>\n<p style=\"text-align: center;\">Telefon +49 (0) 3731 245 248<br \/>\nMobil +49(0) 172 18 79 141<br \/>\nFax +49(0) 3731 69 27 893<br \/>\nE-Mail: <a title=\"E-Mail senden\" href=\"mailto:dialog@seltmann-naturfoto.de\"> dialog@seltmann-naturfoto.de <\/a><\/p>\n<p>&nbsp;<\/p>\n","protected":false},"excerpt":{"rendered":"<p>Natur- \/ Wildfotografie Landschaften Sehensw\u00fcrdigkeiten. Bauten, Denkm\u00e4ler, Burgen und Schl\u00f6sser &nbsp; geboren in Cottbus (Brandenburg),&nbsp;Jahrgang 1953 Chemie-Studium an der TU Bergakademie Freiberg mit Abschluss als Diplomchemiker 1976 und Promotion zum Dr. rer. nat. am Lehrstuhl f\u00fcr Physikalische Chemie 1982 lebt seit seinem Studienbeginn 1972 in Freiberg nach dem Studium folgten verschiedene Stationen in der Forschung [&hellip;]<\/p>\n","protected":false},"author":1,"featured_media":0,"parent":0,"menu_order":0,"comment_status":"open","ping_status":"open","template":"","meta":{"ngg_post_thumbnail":0,"footnotes":""},"_links":{"self":[{"href":"http:\/\/seltmann-naturfoto.de\/cms\/wp-json\/wp\/v2\/pages\/2"}],"collection":[{"href":"http:\/\/seltmann-naturfoto.de\/cms\/wp-json\/wp\/v2\/pages"}],"about":[{"href":"http:\/\/seltmann-naturfoto.de\/cms\/wp-json\/wp\/v2\/types\/page"}],"author":[{"embeddable":true,"href":"http:\/\/seltmann-naturfoto.de\/cms\/wp-json\/wp\/v2\/users\/1"}],"replies":[{"embeddable":true,"href":"http:\/\/seltmann-naturfoto.de\/cms\/wp-json\/wp\/v2\/comments?post=2"}],"version-history":[{"count":15,"href":"http:\/\/seltmann-naturfoto.de\/cms\/wp-json\/wp\/v2\/pages\/2\/revisions"}],"predecessor-version":[{"id":2054,"href":"http:\/\/seltmann-naturfoto.de\/cms\/wp-json\/wp\/v2\/pages\/2\/revisions\/2054"}],"wp:attachment":[{"href":"http:\/\/seltmann-naturfoto.de\/cms\/wp-json\/wp\/v2\/media?parent=2"}],"curies":[{"name":"wp","href":"https:\/\/api.w.org\/{rel}","templated":true}]}}