{"id":1785,"date":"2017-08-16T10:44:20","date_gmt":"2017-08-16T08:44:20","guid":{"rendered":"http:\/\/seltmann-naturfoto.de\/cms\/?page_id=1785"},"modified":"2020-11-05T10:38:58","modified_gmt":"2020-11-05T08:38:58","slug":"literatur-quellen","status":"publish","type":"page","link":"http:\/\/seltmann-naturfoto.de\/cms\/literatur-quellen\/","title":{"rendered":"Literatur-Quellen"},"content":{"rendered":"<p><a href=\"http:\/\/seltmann-naturfoto.de\/cms\/wp-content\/uploads\/literaturverzeichnis\/GK-Silbermann_Literaturverzeichnis_2017-08-13.pdf\" target=\"_blank\" rel=\"noopener noreferrer\">Gru\u00dfkarte Silbermann<\/a><\/p>\n<p><a href=\"http:\/\/seltmann-naturfoto.de\/cms\/wp-content\/uploads\/literaturverzeichnis\/GK-Werner_Literaturverzeichnis.pdf\" target=\"_blank\" rel=\"noopener noreferrer\">Gru\u00dfkarte Werner<\/a><\/p>\n<p><a href=\"http:\/\/seltmann-naturfoto.de\/cms\/wp-content\/uploads\/literaturverzeichnis\/GK-Reformation_Literaturverzeichnis.pdf\" target=\"_blank\" rel=\"noopener noreferrer\">Gru\u00dfkarte Reformation<\/a><\/p>\n<p><a href=\"http:\/\/seltmann-naturfoto.de\/cms\/wp-content\/uploads\/literaturverzeichnis\/GK-Scheidebank_Literaturverzeichnis.pdf\" target=\"_blank\" rel=\"noopener noreferrer\">GK Scheidebank<\/a><\/p>\n<p><a href=\"http:\/\/seltmann-naturfoto.de\/cms\/wp-content\/uploads\/literaturverzeichnis\/GK-Mettenschicht-Literatur.pdf\" target=\"_blank\" rel=\"noopener noreferrer\">GK Mettenschicht<\/a><\/p>\n<p><a href=\"http:\/\/seltmann-naturfoto.de\/cms\/wp-content\/uploads\/literaturverzeichnis\/GK-924_Bergkirche-Rothenfurth_Quellen-Literatur.pdf\">GK Bergkirche Rothenfurth<\/a><\/p>\n<p><a href=\"http:\/\/seltmann-naturfoto.de\/cms\/wp-content\/uploads\/literaturverzeichnis\/GK-930_Drei-Kreuze-Sage_Winter_Quellen-Literatur.pdf\">GK Drei-Kreuze-Sage Winter<\/a><\/p>\n<p><a href=\"http:\/\/seltmann-naturfoto.de\/cms\/wp-content\/uploads\/literaturverzeichnis\/GK-920_Dom St Marien_Literaturverzeichnis_20181203.pdf\" target=\"_blank\" rel=\"noopener noreferrer\">GK Dom St. Marien<\/a><\/p>\n<p><a href=\"http:\/\/seltmann-naturfoto.de\/cms\/wp-content\/uploads\/literaturverzeichnis\/GK-914_Welterbe-Altv\u00e4terbr\u00fccke_Literatur-Quellenverzeichnis_2019-09-15.pdf\" target=\"_blank\" rel=\"noopener noreferrer\">GK Welterbe Altv\u00e4terbr\u00fccke<\/a><\/p>\n<p><a href=\"http:\/\/seltmann-naturfoto.de\/cms\/wp-content\/uploads\/literaturverzeichnis\/GK-915_Welterbe-Altv%C3%A4ter-Winter_Literatur-Quellen_2019-10-22.pdf\" target=\"_blank\" rel=\"noopener noreferrer\">GK Welterbe Altv\u00e4terbr\u00fccke Winter<\/a><\/p>\n<p><a href=\"http:\/\/seltmann-naturfoto.de\/cms\/wp-content\/uploads\/literaturverzeichnis\/GK-916_Welterbe%20Erzw%C3%A4sche_ANMERKUNGEN-LITERATUR-QUELLE_2019-10-01.pdf\" target=\"_blank\" rel=\"noopener noreferrer\">GK Welterbe Erzw\u00e4sche Halsbr\u00fccke<\/a><\/p>\n<p><a href=\"http:\/\/seltmann-naturfoto.de\/cms\/wp-content\/uploads\/literaturverzeichnis\/GK-921_Abraham-Schacht_ANMERKUNGEN-LITERATUR-QUELLE-Vers2_2020-02-25.pdf\" target=\"_blank\" rel=\"noopener noreferrer\">GK Welterbe Abraham Schacht-Anlagen<\/a><\/p>\n<p><a href=\"http:\/\/seltmann-naturfoto.de\/cms\/wp-content\/uploads\/literaturverzeichnis\/GK-928_Betender%20Bergmann_Literatur-Quellen_2019-10-22.pdf\" target=\"_blank\" rel=\"noopener noreferrer\">GK Der betende Bergmann vor einer Kaue<\/a><\/p>\n<p><a href=\"http:\/\/seltmann-naturfoto.de\/cms\/wp-content\/uploads\/literaturverzeichnis\/GK-961_Winter-Halsbr\u00fccke_LITERATUR-QUELLEN_2020-03-27.pdf\" target=\"_blank\" rel=\"noopener noreferrer\">GK 961 Winter Halsbr\u00fccke<\/a><\/p>\n<p><a href=\"http:\/\/seltmann-naturfoto.de\/cms\/wp-content\/uploads\/literaturverzeichnis\/GK-962_Welterbe-Halsbr\u00fccke_LITERATUR-QUELLEN_2020-03-29.pdf\" target=\"_blank\" rel=\"noopener noreferrer\">GK 962 Welterbe Halsbr\u00fccke<\/a><\/p>\n<p><a href=\"http:\/\/seltmann-naturfoto.de\/cms\/wp-content\/uploads\/literaturverzeichnis\/GK-963_Ort-Halsbr\u00fccke_LITERATUR-QUELLEN_2020-03-29.pdf\" target=\"_blank\" rel=\"noopener noreferrer\">GK 963 Ort Halsbr\u00fccke<\/a><\/p>\n<p><a href=\"http:\/\/seltmann-naturfoto.de\/cms\/wp-content\/uploads\/literaturverzeichnis\/GK-964_Natur-Halsbr\u00fccke_LITERATUR-QUELLE_2020-03-29.pdf\" target=\"_blank\" rel=\"noopener noreferrer\">GK 964 Natur Halsbr\u00fccke<\/a><\/p>\n<p><a href=\"http:\/\/seltmann-naturfoto.de\/cms\/wp-content\/uploads\/literaturverzeichnis\/GK-965_Gemeinde-Halsbr\u00fccke_LITERATUR-QUELLEN_2020-03-29.pdf\" target=\"_blank\" rel=\"noopener noreferrer\">GK 965 Gemeinde Halsbr\u00fccke<\/a><\/p>\n<p><a href=\"http:\/\/seltmann-naturfoto.de\/cms\/wp-content\/uploads\/literaturverzeichnis\/GK-900_800 J-Silberbergbau Freiberg_10-2020.pdf\" target=\"_blank\" rel=\"noopener noreferrer\"> GK 900 800 Jahre Silberbergbau Freiberg<\/a><\/p>\n<p><a href=\"http:\/\/seltmann-naturfoto.de\/cms\/wp-content\/uploads\/literaturverzeichnis\/GK-931_Silberstadt-Entdeckertour_QUELLEN_10-2020.pdf\" target=\"_blank\" rel=\"noopener noreferrer\"> GK 931 Silberstadt Entdeckertour<\/a><\/p>\n<p><a href=\"http:\/\/seltmann-naturfoto.de\/cms\/wp-content\/uploads\/literaturverzeichnis\/GK-932_Glanzlichter-Silberstadt_QUELLEN_10-2020.pdf\" target=\"_blank\" rel=\"noopener noreferrer\"> GK 932 Glanzlichter Silberstadt<\/a><\/p>\n<p><a href=\"http:\/\/seltmann-naturfoto.de\/cms\/wp-content\/uploads\/literaturverzeichnis\/GK-933_Silberstadt-wundersch\u00f6n_QUELLEN_10-2020.pdf\" target=\"_blank\" rel=\"noopener noreferrer\"> GK 933 Silberstadt wundersch\u00f6n<\/a><\/p>\n<p><a href=\"http:\/\/seltmann-naturfoto.de\/cms\/wp-content\/uploads\/literaturverzeichnis\/GK-934_Silberstadt-sehenswert_QUELLEN_10-2020.pdf\" target=\"_blank\" rel=\"noopener noreferrer\"> GK 934 Silberstadt sehenswert<\/a><\/p>\n<p>&nbsp;<\/p>\n","protected":false},"excerpt":{"rendered":"<p>Gru\u00dfkarte Silbermann Gru\u00dfkarte Werner Gru\u00dfkarte Reformation GK Scheidebank GK Mettenschicht GK Bergkirche Rothenfurth GK Drei-Kreuze-Sage Winter GK Dom St. Marien GK Welterbe Altv\u00e4terbr\u00fccke GK Welterbe Altv\u00e4terbr\u00fccke Winter GK Welterbe Erzw\u00e4sche Halsbr\u00fccke GK Welterbe Abraham Schacht-Anlagen GK Der betende Bergmann vor einer Kaue GK 961 Winter Halsbr\u00fccke GK 962 Welterbe Halsbr\u00fccke GK 963 Ort Halsbr\u00fccke GK [&hellip;]<\/p>\n","protected":false},"author":1,"featured_media":0,"parent":0,"menu_order":0,"comment_status":"closed","ping_status":"closed","template":"","meta":{"ngg_post_thumbnail":0,"footnotes":""},"_links":{"self":[{"href":"http:\/\/seltmann-naturfoto.de\/cms\/wp-json\/wp\/v2\/pages\/1785"}],"collection":[{"href":"http:\/\/seltmann-naturfoto.de\/cms\/wp-json\/wp\/v2\/pages"}],"about":[{"href":"http:\/\/seltmann-naturfoto.de\/cms\/wp-json\/wp\/v2\/types\/page"}],"author":[{"embeddable":true,"href":"http:\/\/seltmann-naturfoto.de\/cms\/wp-json\/wp\/v2\/users\/1"}],"replies":[{"embeddable":true,"href":"http:\/\/seltmann-naturfoto.de\/cms\/wp-json\/wp\/v2\/comments?post=1785"}],"version-history":[{"count":37,"href":"http:\/\/seltmann-naturfoto.de\/cms\/wp-json\/wp\/v2\/pages\/1785\/revisions"}],"predecessor-version":[{"id":2193,"href":"http:\/\/seltmann-naturfoto.de\/cms\/wp-json\/wp\/v2\/pages\/1785\/revisions\/2193"}],"wp:attachment":[{"href":"http:\/\/seltmann-naturfoto.de\/cms\/wp-json\/wp\/v2\/media?parent=1785"}],"curies":[{"name":"wp","href":"https:\/\/api.w.org\/{rel}","templated":true}]}}